{"id":161,"date":"2025-09-10T21:38:56","date_gmt":"2025-09-10T21:38:56","guid":{"rendered":"https:\/\/jsarevestimentos.pt\/?page_id=161"},"modified":"2025-11-18T14:46:07","modified_gmt":"2025-11-18T14:46:07","slug":"sobre-nos","status":"publish","type":"page","link":"https:\/\/jsarevestimentos.pt\/index.php\/sobre-nos\/","title":{"rendered":"Sobre N\u00f3s"},"content":{"rendered":"\n<div class=\" wp-block-media-text is-stacked-on-mobile is-vertically-aligned-center eplus-wrapper\" style=\"grid-template-columns:28% auto\"><figure class=\"wp-block-media-text__media\"><img loading=\"lazy\" decoding=\"async\" width=\"960\" height=\"1024\" src=\"https:\/\/jsarevestimentos.pt\/wp-content\/uploads\/2025\/10\/WhatsApp-Image-2025-10-28-at-12.21.53-960x1024.jpeg\" alt=\"\" class=\"wp-image-724 size-full\" srcset=\"https:\/\/jsarevestimentos.pt\/wp-content\/uploads\/2025\/10\/WhatsApp-Image-2025-10-28-at-12.21.53-960x1024.jpeg 960w, https:\/\/jsarevestimentos.pt\/wp-content\/uploads\/2025\/10\/WhatsApp-Image-2025-10-28-at-12.21.53-281x300.jpeg 281w, https:\/\/jsarevestimentos.pt\/wp-content\/uploads\/2025\/10\/WhatsApp-Image-2025-10-28-at-12.21.53-768x820.jpeg 768w, https:\/\/jsarevestimentos.pt\/wp-content\/uploads\/2025\/10\/WhatsApp-Image-2025-10-28-at-12.21.53.jpeg 1146w\" sizes=\"auto, (max-width: 960px) 100vw, 960px\" \/><\/figure><div class=\"wp-block-media-text__content\">\n<p><span style=\"font-size: 18pt;\"><strong><span style=\"color: #e46c0b;\">Quem Somos<\/span><\/strong><\/span><\/p>\n\n\n\n<p class=\" eplus-wrapper\" style=\"text-align: justify;\">Somos especialistas em revestimentos de coberturas, fachadas e rufagens em zinco e cobre, materiais que combinam durabilidade, eleg\u00e2ncia e efici\u00eancia. Oferecemos solu\u00e7\u00f5es completas, desde o fornecimento e aplica\u00e7\u00e3o at\u00e9 \u00e0 venda direta de materiais como chapa lacada, galvanizada, inox e alum\u00ednio. Com sede local e atua\u00e7\u00e3o em todo o pa\u00eds, aliamos experi\u00eancia, tecnologia e dedica\u00e7\u00e3o para garantir resultados de excel\u00eancia em cada projeto, seja para empresas ou para clientes particulares. A nossa equipa \u00e9 altamente qualificada e utiliza t\u00e9cnicas modernas e equipamentos de \u00faltima gera\u00e7\u00e3o, assegurando acabamentos perfeitos e duradouros. Mais do que uma empresa de revestimentos, somos um parceiro de confian\u00e7a comprometido com o sucesso de cada projeto.<\/p>\n<\/div><\/div>\n\n\n\n<p class=\" eplus-wrapper\"><\/p>\n\n\n\n<div class=\" wp-block-media-text is-stacked-on-mobile is-vertically-aligned-center eplus-wrapper\" style=\"grid-template-columns:28% auto\"><figure class=\"wp-block-media-text__media\"><img loading=\"lazy\" decoding=\"async\" width=\"1024\" height=\"769\" src=\"https:\/\/jsarevestimentos.pt\/wp-content\/uploads\/2025\/10\/366510840_826451215525423_534735324284353956_n-1-1024x769.jpg\" alt=\"\" class=\"wp-image-629 size-full\" srcset=\"https:\/\/jsarevestimentos.pt\/wp-content\/uploads\/2025\/10\/366510840_826451215525423_534735324284353956_n-1-1024x769.jpg 1024w, https:\/\/jsarevestimentos.pt\/wp-content\/uploads\/2025\/10\/366510840_826451215525423_534735324284353956_n-1-300x225.jpg 300w, https:\/\/jsarevestimentos.pt\/wp-content\/uploads\/2025\/10\/366510840_826451215525423_534735324284353956_n-1-768x577.jpg 768w, https:\/\/jsarevestimentos.pt\/wp-content\/uploads\/2025\/10\/366510840_826451215525423_534735324284353956_n-1.jpg 1080w\" sizes=\"auto, (max-width: 1024px) 100vw, 1024px\" \/><\/figure><div class=\"wp-block-media-text__content\">\n<p><span style=\"color: #e46c0b;\"><strong><span style=\"font-size: 18pt;\">Hist\u00f3ria<\/span><\/strong><\/span><\/p>\n\n\n\n<p style=\"text-align: justify;\">A JSA Revestimentos foi fundada em 2015 por Jos\u00e9 Alves, profissional com mais de 30 anos de experi\u00eancia no setor da funilaria e dos revestimentos met\u00e1licos. Desde ent\u00e3o, a empresa tem consolidado a sua presen\u00e7a no mercado nacional com rigor, dedica\u00e7\u00e3o e qualidade, conquistando a confian\u00e7a de clientes em todo o pa\u00eds. Hoje, a JSA Revestimentos combina tradi\u00e7\u00e3o e inova\u00e7\u00e3o, destacando-se pela sua capacidade t\u00e9cnica, solu\u00e7\u00f5es duradouras e resultados de excel\u00eancia.<\/p>\n<\/div><\/div>\n\n\n\n<p class=\" eplus-wrapper\"><\/p>\n\n\n\n<div class=\" wp-block-media-text is-stacked-on-mobile is-vertically-aligned-center eplus-wrapper\" style=\"grid-template-columns:28% auto\"><figure class=\"wp-block-media-text__media\"><img loading=\"lazy\" decoding=\"async\" width=\"1024\" height=\"768\" src=\"https:\/\/jsarevestimentos.pt\/wp-content\/uploads\/2025\/10\/360517189_663700665612982_8785926464767603772_n-1024x768.jpg\" alt=\"\" class=\"wp-image-630 size-full\" srcset=\"https:\/\/jsarevestimentos.pt\/wp-content\/uploads\/2025\/10\/360517189_663700665612982_8785926464767603772_n-1024x768.jpg 1024w, https:\/\/jsarevestimentos.pt\/wp-content\/uploads\/2025\/10\/360517189_663700665612982_8785926464767603772_n-300x225.jpg 300w, https:\/\/jsarevestimentos.pt\/wp-content\/uploads\/2025\/10\/360517189_663700665612982_8785926464767603772_n-768x576.jpg 768w, https:\/\/jsarevestimentos.pt\/wp-content\/uploads\/2025\/10\/360517189_663700665612982_8785926464767603772_n.jpg 1080w\" sizes=\"auto, (max-width: 1024px) 100vw, 1024px\" \/><\/figure><div class=\"wp-block-media-text__content\">\n<p><strong><span style=\"font-size: 18pt; color: #e46c0b;\">Miss\u00e3o<\/span><\/strong><\/p>\n\n\n\n<p style=\"text-align: justify;\">A nossa miss\u00e3o \u00e9 proporcionar solu\u00e7\u00f5es de revestimento de alta qualidade, com especial foco em zinco e cobre, garantindo durabilidade, est\u00e9tica e m\u00e1xima efici\u00eancia em cada projeto. Pretendemos ser reconhecidos como refer\u00eancia nacional no setor, oferecendo um servi\u00e7o personalizado, rigoroso e pontual, pautado pela qualidade t\u00e9cnica, inova\u00e7\u00e3o cont\u00ednua e compromisso absoluto com a satisfa\u00e7\u00e3o dos nossos clientes.<\/p>\n<\/div><\/div>\n\n\n\n<p class=\" eplus-wrapper\"><\/p>\n\n\n\n<div class=\" wp-block-media-text is-stacked-on-mobile is-vertically-aligned-center eplus-wrapper\" style=\"grid-template-columns:28% auto\"><figure class=\"wp-block-media-text__media\"><img loading=\"lazy\" decoding=\"async\" width=\"720\" height=\"540\" src=\"https:\/\/jsarevestimentos.pt\/wp-content\/uploads\/2025\/10\/364359677_1321911225071025_8504276144976571740_n-1.jpg\" alt=\"\" class=\"wp-image-631 size-full\" srcset=\"https:\/\/jsarevestimentos.pt\/wp-content\/uploads\/2025\/10\/364359677_1321911225071025_8504276144976571740_n-1.jpg 720w, https:\/\/jsarevestimentos.pt\/wp-content\/uploads\/2025\/10\/364359677_1321911225071025_8504276144976571740_n-1-300x225.jpg 300w\" sizes=\"auto, (max-width: 720px) 100vw, 720px\" \/><\/figure><div class=\"wp-block-media-text__content\">\n<p><strong><span style=\"font-size: 18pt; color: #e46c0b;\">Valores<\/span><\/strong><\/p>\n\n\n\n<p style=\"text-align: justify;\">Qualidade \u2014 utilizamos apenas materiais e t\u00e9cnicas que asseguram durabilidade e excel\u00eancia.<br>Confian\u00e7a \u2014 constru\u00edmos rela\u00e7\u00f5es s\u00f3lidas com os nossos clientes e parceiros.<br>Rigor \u2014 cada detalhe \u00e9 analisado, garantindo resultados precisos e impec\u00e1veis.<br>Dedica\u00e7\u00e3o \u2014 a nossa equipa \u00e9 movida pela paix\u00e3o e empenho naquilo que faz.<br>Compromisso \u2014 cumprimos prazos e promessas, superando as expectativas.<\/p>\n<\/div><\/div>\n\n\n\n<div style=\"height:91px\" aria-hidden=\"true\" class=\" wp-block-spacer eplus-wrapper\"><\/div>\n\n\n\n<figure class=\"is-style-default wp-block-image aligncenter size-large is-resized eplus-wrapper\"><img loading=\"lazy\" decoding=\"async\" width=\"1024\" height=\"1024\" src=\"https:\/\/jsarevestimentos.pt\/wp-content\/uploads\/2025\/10\/WhatsApp-Image-2025-10-30-at-13.04.21-1024x1024.jpeg\" alt=\"\" class=\"wp-image-888\" style=\"width:381px;height:auto\" srcset=\"https:\/\/jsarevestimentos.pt\/wp-content\/uploads\/2025\/10\/WhatsApp-Image-2025-10-30-at-13.04.21-1024x1024.jpeg 1024w, https:\/\/jsarevestimentos.pt\/wp-content\/uploads\/2025\/10\/WhatsApp-Image-2025-10-30-at-13.04.21-300x300.jpeg 300w, https:\/\/jsarevestimentos.pt\/wp-content\/uploads\/2025\/10\/WhatsApp-Image-2025-10-30-at-13.04.21-150x150.jpeg 150w, https:\/\/jsarevestimentos.pt\/wp-content\/uploads\/2025\/10\/WhatsApp-Image-2025-10-30-at-13.04.21-768x768.jpeg 768w, https:\/\/jsarevestimentos.pt\/wp-content\/uploads\/2025\/10\/WhatsApp-Image-2025-10-30-at-13.04.21.jpeg 1170w\" sizes=\"auto, (max-width: 1024px) 100vw, 1024px\" \/><figcaption class=\"wp-element-caption\"><strong>JSA Revestimentos<\/strong> \u2014 a nossa equipa<\/figcaption><\/figure>\n\n\n\n<ul class=\"is-style-logos-only wp-block-social-links aligncenter has-normal-icon-size has-icon-color eplus-wrapper is-horizontal is-nowrap is-layout-flex wp-container-core-social-links-is-layout-2487dcaa wp-block-social-links-is-layout-flex\" style=\"border-style:none;border-width:0px\"><li style=\"color:var(--ast-global-color-0);\" class=\"wp-social-link wp-social-link-facebook has-ast-global-color-0-color wp-block-social-link\"><a rel=\"noopener nofollow\" target=\"_blank\" href=\"https:\/\/www.facebook.com\/JSAREVESTIMENTO?locale=pt_PT\" class=\"wp-block-social-link-anchor\"><svg width=\"24\" height=\"24\" viewBox=\"0 0 24 24\" version=\"1.1\" xmlns=\"http:\/\/www.w3.org\/2000\/svg\" aria-hidden=\"true\" focusable=\"false\"><path d=\"M12 2C6.5 2 2 6.5 2 12c0 5 3.7 9.1 8.4 9.9v-7H7.9V12h2.5V9.8c0-2.5 1.5-3.9 3.8-3.9 1.1 0 2.2.2 2.2.2v2.5h-1.3c-1.2 0-1.6.8-1.6 1.6V12h2.8l-.4 2.9h-2.3v7C18.3 21.1 22 17 22 12c0-5.5-4.5-10-10-10z\"><\/path><\/svg><span class=\"wp-block-social-link-label screen-reader-text\">Facebook<\/span><\/a><\/li>\n\n<li style=\"color:var(--ast-global-color-0);\" class=\"wp-social-link wp-social-link-instagram has-ast-global-color-0-color wp-block-social-link\"><a rel=\"noopener nofollow\" target=\"_blank\" href=\"https:\/\/www.instagram.com\/jsa_revestimentos\/\" class=\"wp-block-social-link-anchor\"><svg width=\"24\" height=\"24\" viewBox=\"0 0 24 24\" version=\"1.1\" xmlns=\"http:\/\/www.w3.org\/2000\/svg\" aria-hidden=\"true\" focusable=\"false\"><path d=\"M12,4.622c2.403,0,2.688,0.009,3.637,0.052c0.877,0.04,1.354,0.187,1.671,0.31c0.42,0.163,0.72,0.358,1.035,0.673 c0.315,0.315,0.51,0.615,0.673,1.035c0.123,0.317,0.27,0.794,0.31,1.671c0.043,0.949,0.052,1.234,0.052,3.637 s-0.009,2.688-0.052,3.637c-0.04,0.877-0.187,1.354-0.31,1.671c-0.163,0.42-0.358,0.72-0.673,1.035 c-0.315,0.315-0.615,0.51-1.035,0.673c-0.317,0.123-0.794,0.27-1.671,0.31c-0.949,0.043-1.233,0.052-3.637,0.052 s-2.688-0.009-3.637-0.052c-0.877-0.04-1.354-0.187-1.671-0.31c-0.42-0.163-0.72-0.358-1.035-0.673 c-0.315-0.315-0.51-0.615-0.673-1.035c-0.123-0.317-0.27-0.794-0.31-1.671C4.631,14.688,4.622,14.403,4.622,12 s0.009-2.688,0.052-3.637c0.04-0.877,0.187-1.354,0.31-1.671c0.163-0.42,0.358-0.72,0.673-1.035 c0.315-0.315,0.615-0.51,1.035-0.673c0.317-0.123,0.794-0.27,1.671-0.31C9.312,4.631,9.597,4.622,12,4.622 M12,3 C9.556,3,9.249,3.01,8.289,3.054C7.331,3.098,6.677,3.25,6.105,3.472C5.513,3.702,5.011,4.01,4.511,4.511 c-0.5,0.5-0.808,1.002-1.038,1.594C3.25,6.677,3.098,7.331,3.054,8.289C3.01,9.249,3,9.556,3,12c0,2.444,0.01,2.751,0.054,3.711 c0.044,0.958,0.196,1.612,0.418,2.185c0.23,0.592,0.538,1.094,1.038,1.594c0.5,0.5,1.002,0.808,1.594,1.038 c0.572,0.222,1.227,0.375,2.185,0.418C9.249,20.99,9.556,21,12,21s2.751-0.01,3.711-0.054c0.958-0.044,1.612-0.196,2.185-0.418 c0.592-0.23,1.094-0.538,1.594-1.038c0.5-0.5,0.808-1.002,1.038-1.594c0.222-0.572,0.375-1.227,0.418-2.185 C20.99,14.751,21,14.444,21,12s-0.01-2.751-0.054-3.711c-0.044-0.958-0.196-1.612-0.418-2.185c-0.23-0.592-0.538-1.094-1.038-1.594 c-0.5-0.5-1.002-0.808-1.594-1.038c-0.572-0.222-1.227-0.375-2.185-0.418C14.751,3.01,14.444,3,12,3L12,3z M12,7.378 c-2.552,0-4.622,2.069-4.622,4.622S9.448,16.622,12,16.622s4.622-2.069,4.622-4.622S14.552,7.378,12,7.378z M12,15 c-1.657,0-3-1.343-3-3s1.343-3,3-3s3,1.343,3,3S13.657,15,12,15z M16.804,6.116c-0.596,0-1.08,0.484-1.08,1.08 s0.484,1.08,1.08,1.08c0.596,0,1.08-0.484,1.08-1.08S17.401,6.116,16.804,6.116z\"><\/path><\/svg><span class=\"wp-block-social-link-label screen-reader-text\">Instagram<\/span><\/a><\/li>\n\n<li style=\"color:var(--ast-global-color-0);\" class=\"wp-social-link wp-social-link-linkedin has-ast-global-color-0-color wp-block-social-link\"><a rel=\"noopener nofollow\" target=\"_blank\" href=\"https:\/\/www.linkedin.com\/company\/jsa-revestimentos\/posts\/\" class=\"wp-block-social-link-anchor\"><svg width=\"24\" height=\"24\" viewBox=\"0 0 24 24\" version=\"1.1\" xmlns=\"http:\/\/www.w3.org\/2000\/svg\" aria-hidden=\"true\" focusable=\"false\"><path d=\"M19.7,3H4.3C3.582,3,3,3.582,3,4.3v15.4C3,20.418,3.582,21,4.3,21h15.4c0.718,0,1.3-0.582,1.3-1.3V4.3 C21,3.582,20.418,3,19.7,3z M8.339,18.338H5.667v-8.59h2.672V18.338z M7.004,8.574c-0.857,0-1.549-0.694-1.549-1.548 c0-0.855,0.691-1.548,1.549-1.548c0.854,0,1.547,0.694,1.547,1.548C8.551,7.881,7.858,8.574,7.004,8.574z M18.339,18.338h-2.669 v-4.177c0-0.996-0.017-2.278-1.387-2.278c-1.389,0-1.601,1.086-1.601,2.206v4.249h-2.667v-8.59h2.559v1.174h0.037 c0.356-0.675,1.227-1.387,2.526-1.387c2.703,0,3.203,1.779,3.203,4.092V18.338z\"><\/path><\/svg><span class=\"wp-block-social-link-label screen-reader-text\">LinkedIn<\/span><\/a><\/li><\/ul>\n\n\n\n<div style=\"height:52px\" aria-hidden=\"true\" class=\" wp-block-spacer eplus-wrapper\"><\/div>\n\n\n<div class=\"wp-block-columns has-ast-global-color-3-color has-text-color has-link-color eplus-wrapper wp-elements-0e88d8af29e6bd42d378afade96c3318 eplus-styles-uid-a71e84\" style=\"padding-top:var(--wp--preset--spacing--20);padding-right:0;padding-bottom:var(--wp--preset--spacing--20);padding-left:0\">\n<div class=\"wp-block-column eplus-wrapper is-layout-flow wp-block-column-is-layout-flow\"><style>.kb-count-up-161_6e1085-6a .kb-count-up-title{text-align:center;}.kb-count-up-161_6e1085-6a .kb-count-up-number{color:var(--ast-global-color-1);font-size:50px;}.kb-count-up-161_6e1085-6a .kb-count-up-number{text-align:center;}<\/style>\n<div class=\"wp-block-kadence-countup kb-count-up-161_6e1085-6a kb-count-up\" data-start=\"0\" data-end=\"10\" data-prefix=\"\" data-suffix=\"\" data-duration=\"2.5\" data-separator=\"\"><div class=\"kb-count-up-process kb-count-up-number\"><\/div><div class=\"kb-count-up-title\">Anos de experi\u00eancia<\/div><\/div>\n<\/div>\n\n\n\n<div class=\"wp-block-column eplus-wrapper is-layout-flow wp-block-column-is-layout-flow\"><style>.kb-count-up-161_ba0063-35 .kb-count-up-title{letter-spacing:0px;}.kb-count-up-161_ba0063-35 .kb-count-up-title{text-align:center;}.kb-count-up-161_ba0063-35 .kb-count-up-number{color:var(--ast-global-color-7);font-size:50px;}.kb-count-up-161_ba0063-35 .kb-count-up-number{text-align:center;}<\/style>\n<div class=\"wp-block-kadence-countup kb-count-up-161_ba0063-35 kb-count-up\" data-start=\"0\" data-end=\"400\" data-prefix=\"\" data-suffix=\"+\" data-duration=\"2.5\" data-separator=\"\"><div class=\"kb-count-up-process kb-count-up-number\"><\/div><div class=\"kb-count-up-title\">Clientes satisfeitos<\/div><\/div>\n<\/div>\n\n\n\n<div class=\"wp-block-column eplus-wrapper is-layout-flow wp-block-column-is-layout-flow\"><style>.kb-count-up-161_059708-0f .kb-count-up-title{text-align:center;}.kb-count-up-161_059708-0f .kb-count-up-number{color:var(--ast-global-color-7);font-size:50px;}.kb-count-up-161_059708-0f .kb-count-up-number{text-align:center;}<\/style>\n<div class=\"wp-block-kadence-countup kb-count-up-161_059708-0f kb-count-up\" data-start=\"0\" data-end=\"500\" data-prefix=\"\" data-suffix=\"+\" data-duration=\"2.5\" data-separator=\"\"><div class=\"kb-count-up-process kb-count-up-number\"><\/div><div class=\"kb-count-up-title\">Projetos conclu\u00eddos<\/div><\/div>\n<\/div>\n<\/div>\n\n\n<div style=\"height:106px\" aria-hidden=\"true\" class=\" wp-block-spacer eplus-wrapper\"><\/div>\n","protected":false},"excerpt":{"rendered":"","protected":false},"author":1,"featured_media":0,"parent":0,"menu_order":0,"comment_status":"closed","ping_status":"closed","template":"","meta":{"_uag_custom_page_level_css":"","editor_plus_copied_stylings":"{}","site-sidebar-layout":"default","site-content-layout":"","ast-site-content-layout":"default","site-content-style":"default","site-sidebar-style":"default","ast-global-header-display":"","ast-banner-title-visibility":"","ast-main-header-display":"","ast-hfb-above-header-display":"","ast-hfb-below-header-display":"","ast-hfb-mobile-header-display":"","site-post-title":"disabled","ast-breadcrumbs-content":"","ast-featured-img":"","footer-sml-layout":"","ast-disable-related-posts":"","theme-transparent-header-meta":"","adv-header-id-meta":"","stick-header-meta":"","header-above-stick-meta":"","header-main-stick-meta":"","header-below-stick-meta":"","astra-migrate-meta-layouts":"default","ast-page-background-enabled":"default","ast-page-background-meta":{"desktop":{"background-color":"var(--ast-global-color-5)","background-image":"","background-repeat":"repeat","background-position":"center center","background-size":"auto","background-attachment":"scroll","background-type":"","background-media":"","overlay-type":"","overlay-color":"","overlay-opacity":"","overlay-gradient":""},"tablet":{"background-color":"","background-image":"","background-repeat":"repeat","background-position":"center center","background-size":"auto","background-attachment":"scroll","background-type":"","background-media":"","overlay-type":"","overlay-color":"","overlay-opacity":"","overlay-gradient":""},"mobile":{"background-color":"","background-image":"","background-repeat":"repeat","background-position":"center center","background-size":"auto","background-attachment":"scroll","background-type":"","background-media":"","overlay-type":"","overlay-color":"","overlay-opacity":"","overlay-gradient":""}},"ast-content-background-meta":{"desktop":{"background-color":"var(--ast-global-color-4)","background-image":"","background-repeat":"repeat","background-position":"center center","background-size":"auto","background-attachment":"scroll","background-type":"","background-media":"","overlay-type":"","overlay-color":"","overlay-opacity":"","overlay-gradient":""},"tablet":{"background-color":"var(--ast-global-color-4)","background-image":"","background-repeat":"repeat","background-position":"center center","background-size":"auto","background-attachment":"scroll","background-type":"","background-media":"","overlay-type":"","overlay-color":"","overlay-opacity":"","overlay-gradient":""},"mobile":{"background-color":"var(--ast-global-color-4)","background-image":"","background-repeat":"repeat","background-position":"center center","background-size":"auto","background-attachment":"scroll","background-type":"","background-media":"","overlay-type":"","overlay-color":"","overlay-opacity":"","overlay-gradient":""}},"footnotes":""},"class_list":["post-161","page","type-page","status-publish","hentry"],"uagb_featured_image_src":{"full":false,"thumbnail":false,"medium":false,"medium_large":false,"large":false,"1536x1536":false,"2048x2048":false},"uagb_author_info":{"display_name":"admin","author_link":"https:\/\/jsarevestimentos.pt\/index.php\/author\/offsystems\/"},"uagb_comment_info":0,"uagb_excerpt":null,"_links":{"self":[{"href":"https:\/\/jsarevestimentos.pt\/index.php\/wp-json\/wp\/v2\/pages\/161","targetHints":{"allow":["GET"]}}],"collection":[{"href":"https:\/\/jsarevestimentos.pt\/index.php\/wp-json\/wp\/v2\/pages"}],"about":[{"href":"https:\/\/jsarevestimentos.pt\/index.php\/wp-json\/wp\/v2\/types\/page"}],"author":[{"embeddable":true,"href":"https:\/\/jsarevestimentos.pt\/index.php\/wp-json\/wp\/v2\/users\/1"}],"replies":[{"embeddable":true,"href":"https:\/\/jsarevestimentos.pt\/index.php\/wp-json\/wp\/v2\/comments?post=161"}],"version-history":[{"count":89,"href":"https:\/\/jsarevestimentos.pt\/index.php\/wp-json\/wp\/v2\/pages\/161\/revisions"}],"predecessor-version":[{"id":1790,"href":"https:\/\/jsarevestimentos.pt\/index.php\/wp-json\/wp\/v2\/pages\/161\/revisions\/1790"}],"wp:attachment":[{"href":"https:\/\/jsarevestimentos.pt\/index.php\/wp-json\/wp\/v2\/media?parent=161"}],"curies":[{"name":"wp","href":"https:\/\/api.w.org\/{rel}","templated":true}]}}