{"id":168,"date":"2025-09-10T21:38:56","date_gmt":"2025-09-10T21:38:56","guid":{"rendered":"https:\/\/jsarevestimentos.pt\/?page_id=168"},"modified":"2025-10-29T18:33:47","modified_gmt":"2025-10-29T18:33:47","slug":"contactos","status":"publish","type":"page","link":"https:\/\/jsarevestimentos.pt\/index.php\/contactos\/","title":{"rendered":"Contactos"},"content":{"rendered":"\n<div class=\"wp-block-group alignfull has-ast-global-color-5-background-color has-background is-layout-constrained wp-block-group-is-layout-constrained\" style=\"padding-top:0;padding-bottom:0px\">\n<div class=\"wp-block-columns are-vertically-aligned-top is-layout-flex wp-container-core-columns-is-layout-00723822 wp-block-columns-is-layout-flex\">\n<div class=\"wp-block-column is-vertically-aligned-top has-small-font-size is-layout-flow wp-container-core-column-is-layout-aceb6f81 wp-block-column-is-layout-flow\" style=\"border-style:none;border-width:0px;border-radius:0px;padding-top:0;padding-right:0;padding-bottom:0;padding-left:0\">\n<h3 class=\"wp-block-heading has-text-align-left\" style=\"margin-top:16px\"><mark style=\"background-color:rgba(0, 0, 0, 0)\" class=\"has-inline-color has-ast-global-color-1-color\"><strong><mark style=\"background-color:rgba(0, 0, 0, 0)\" class=\"has-inline-color has-ast-global-color-1-color\">Contactar<\/mark><\/strong><\/mark><\/h3>\n\n\n\n<div class=\"wp-block-group is-nowrap is-layout-flex wp-container-core-group-is-layout-6c531013 wp-block-group-is-layout-flex\"><style id=\"wpforms-css-vars-202-block-f2fa0722-064f-4d74-bbd5-601cadfd0a3b\">\n\t\t\t\t#wpforms-202.wpforms-block-f2fa0722-064f-4d74-bbd5-601cadfd0a3b {\n\t\t\t\t--wpforms-label-color: rgba(0, 0, 0, 0.85);\n--wpforms-label-sublabel-color: rgba(0, 0, 0, 0.55);\n--wpforms-field-border-color: #000000;\n--wpforms-field-border-color-spare: #000000;\n--wpforms-field-text-color: #000000;\n--wpforms-button-background-color: #e46c0b;\n--wpforms-field-size-input-height: 43px;\n--wpforms-field-size-input-spacing: 15px;\n--wpforms-field-size-font-size: 16px;\n--wpforms-field-size-line-height: 19px;\n--wpforms-field-size-padding-h: 14px;\n--wpforms-field-size-checkbox-size: 16px;\n--wpforms-field-size-sublabel-spacing: 5px;\n--wpforms-field-size-icon-size: 1;\n--wpforms-label-size-font-size: 16px;\n--wpforms-label-size-line-height: 19px;\n--wpforms-label-size-sublabel-font-size: 14px;\n--wpforms-label-size-sublabel-line-height: 17px;\n--wpforms-button-size-font-size: 17px;\n--wpforms-button-size-height: 41px;\n--wpforms-button-size-padding-h: 15px;\n--wpforms-button-size-margin-top: 10px;\n\t\t\t}\n\t\t\t<\/style><div class=\"wpforms-container wpforms-container-full wpforms-block wpforms-block-f2fa0722-064f-4d74-bbd5-601cadfd0a3b wpforms-render-modern\" id=\"wpforms-202\"><form id=\"wpforms-form-202\" class=\"wpforms-validate wpforms-form wpforms-ajax-form\" data-formid=\"202\" method=\"post\" enctype=\"multipart\/form-data\" action=\"\/index.php\/wp-json\/wp\/v2\/pages\/168\" data-token=\"daac3bf27ab2f0b406a057cd4d728fec\" data-token-time=\"1776852451\"><noscript class=\"wpforms-error-noscript\">Please enable JavaScript in your browser to complete this form.<\/noscript><div id=\"wpforms-error-noscript\" style=\"display: none;\">Please enable JavaScript in your browser to complete this form.<\/div><div class=\"wpforms-field-container\"><div id=\"wpforms-202-field_1-container\" class=\"wpforms-field wpforms-field-name\" data-field-id=\"1\"><label class=\"wpforms-field-label\" for=\"wpforms-202-field_1\">Nome <span class=\"wpforms-required-label\" aria-hidden=\"true\">*<\/span><\/label><input type=\"text\" id=\"wpforms-202-field_1\" class=\"wpforms-field-medium wpforms-field-required\" name=\"wpforms[fields][1]\" aria-errormessage=\"wpforms-202-field_1-error\" required><\/div><div id=\"wpforms-202-field_2-container\" class=\"wpforms-field wpforms-field-email\" data-field-id=\"2\"><label class=\"wpforms-field-label\" for=\"wpforms-202-field_2\">Email <span class=\"wpforms-required-label\" aria-hidden=\"true\">*<\/span><\/label><input type=\"email\" id=\"wpforms-202-field_2\" class=\"wpforms-field-medium wpforms-field-required\" name=\"wpforms[fields][2]\" spellcheck=\"false\" aria-errormessage=\"wpforms-202-field_2-error\" required><\/div>\t\t<div id=\"wpforms-202-field_4-container\"\n\t\t\tclass=\"wpforms-field wpforms-field-text\"\n\t\t\tdata-field-type=\"text\"\n\t\t\tdata-field-id=\"4\"\n\t\t\t>\n\t\t\t<label class=\"wpforms-field-label\" for=\"wpforms-202-field_4\" >Mensagem Email Nome<\/label>\n\t\t\t<input type=\"text\" id=\"wpforms-202-field_4\" class=\"wpforms-field-medium\" name=\"wpforms[fields][4]\" >\n\t\t<\/div>\n\t\t<div id=\"wpforms-202-field_3-container\" class=\"wpforms-field wpforms-field-textarea\" data-field-id=\"3\"><label class=\"wpforms-field-label\" for=\"wpforms-202-field_3\">Mensagem<\/label><textarea id=\"wpforms-202-field_3\" class=\"wpforms-field-medium\" name=\"wpforms[fields][3]\" aria-errormessage=\"wpforms-202-field_3-error\" ><\/textarea><\/div><div id=\"wpforms-202-field_5-container\" class=\"wpforms-field wpforms-field-gdpr-checkbox\" data-field-id=\"5\"><label class=\"wpforms-field-label\">RGPD <span class=\"wpforms-required-label\" aria-hidden=\"true\">*<\/span><\/label><ul id=\"wpforms-202-field_5\" class=\"wpforms-field-required\"><li class=\"choice-1\"><input type=\"checkbox\" id=\"wpforms-202-field_5_1\" name=\"wpforms[fields][5][]\" value=\"Consinto que este site armazene as informa\u00e7\u00f5es que submeti para que possam responder \u00e0 minha solicita\u00e7\u00e3o.\" aria-errormessage=\"wpforms-202-field_5_1-error\" required ><label class=\"wpforms-field-label-inline\" for=\"wpforms-202-field_5_1\">Consinto que este site armazene as informa\u00e7\u00f5es que submeti para que possam responder \u00e0 minha solicita\u00e7\u00e3o.<\/label><\/li><\/ul><\/div><script>\n\t\t\t\t( function() {\n\t\t\t\t\tconst style = document.createElement( 'style' );\n\t\t\t\t\tstyle.appendChild( document.createTextNode( '#wpforms-202-field_4-container { position: absolute !important; overflow: hidden !important; display: inline !important; height: 1px !important; width: 1px !important; z-index: -1000 !important; padding: 0 !important; } #wpforms-202-field_4-container input { visibility: hidden; } #wpforms-conversational-form-page #wpforms-202-field_4-container label { counter-increment: none; }' ) );\n\t\t\t\t\tdocument.head.appendChild( style );\n\t\t\t\t\tdocument.currentScript?.remove();\n\t\t\t\t} )();\n\t\t\t<\/script><\/div><!-- .wpforms-field-container --><div class=\"wpforms-recaptcha-container wpforms-is-recaptcha wpforms-is-recaptcha-type-v3\" ><input type=\"hidden\" name=\"wpforms[recaptcha]\" value=\"\"><\/div><div class=\"wpforms-submit-container\" ><input type=\"hidden\" name=\"wpforms[id]\" value=\"202\"><input type=\"hidden\" name=\"page_title\" value=\"\"><input type=\"hidden\" name=\"page_url\" value=\"https:\/\/jsarevestimentos.pt\/index.php\/wp-json\/wp\/v2\/pages\/168\"><input type=\"hidden\" name=\"url_referer\" value=\"\"><button type=\"submit\" name=\"wpforms[submit]\" id=\"wpforms-submit-202\" class=\"wpforms-submit\" data-alt-text=\"A enviar...\" data-submit-text=\"Enviar\" aria-live=\"assertive\" value=\"wpforms-submit\">Enviar<\/button><img loading=\"lazy\" decoding=\"async\" src=\"https:\/\/jsarevestimentos.pt\/wp-content\/plugins\/wpforms-lite\/assets\/images\/submit-spin.svg\" class=\"wpforms-submit-spinner\" style=\"display: none;\" width=\"26\" height=\"26\" alt=\"Loading\"><\/div><\/form><\/div>  <!-- .wpforms-container --><\/div>\n<\/div>\n\n\n\n<div class=\"wp-block-column is-vertically-aligned-top is-layout-flow wp-container-core-column-is-layout-6b73ce23 wp-block-column-is-layout-flow\" style=\"flex-basis:50%\">\n<h3 class=\"wp-block-heading has-text-align-left\" style=\"margin-top:16px\"><mark style=\"background-color:rgba(0, 0, 0, 0)\" class=\"has-inline-color has-ast-global-color-0-color\"><strong><mark style=\"background-color:rgba(0, 0, 0, 0)\" class=\"has-inline-color has-ast-global-color-1-color\">Dados de Contacto<\/mark><\/strong><\/mark><\/h3>\n\n\n\n<div style=\"text-align: justify; line-height: 1.4; margin: 0; padding: 0;\">\n<p>\u00a0<\/p>\n<p style=\"margin: 0;\"><span style=\"font-size: 12pt;\"><strong>Morada<\/strong><\/span><\/p>\n<p style=\"margin: 0;\"><span style=\"font-size: 12pt;\">JSA Revestimentos Zinco e Cobre, Unipessoal Lda.<\/span><\/p>\n<p style=\"margin: 0;\"><span style=\"font-size: 12pt;\">Rua das Minas, N.\u00ba 55<\/span><\/p>\n<p style=\"margin: 0;\"><span style=\"font-size: 12pt;\">4485-836 Vilar de Pinheiro<\/span><\/p>\n<p style=\"margin: 0;\"><span style=\"font-size: 12pt;\">Vila do Conde, Porto, Portugal<\/span><\/p>\n<p>\u00a0<\/p>\n<p style=\"margin: 0; margin-top: 10px;\"><span style=\"font-size: 12pt;\"><strong>Email<\/strong><\/span><\/p>\n<p style=\"margin: 0;\"><span style=\"font-size: 12pt;\">geral@jsarevestimentos.pt<\/span><\/p>\n<p>\u00a0<\/p>\n<p style=\"margin: 0; margin-top: 10px;\"><span style=\"font-size: 12pt;\"><strong>Telefone<\/strong><\/span><\/p>\n<p style=\"margin: 0;\"><span style=\"font-size: 12pt;\">+351 939 011 343 (Chamada para a rede fixa nacional)<\/span><\/p>\n<\/div>\n<p>\u00a0<\/p>\n<p><a href=\"https:\/\/www.livroreclamacoes.pt\/Inicio\/\" target=\"_blank\" rel=\"noopener\"><img loading=\"lazy\" decoding=\"async\" class=\"alignnone\" src=\"https:\/\/offsystems.com\/wp-content\/uploads\/2020\/02\/i010896.png\" alt=\"livro de reclama\u00e7\u00f5es\" width=\"140\" height=\"58\" \/><\/a><\/p>\n\n\n\n<p class=\"has-text-align-left\"><\/p>\n<\/div>\n<\/div>\n<\/div>\n\n\n\n<p><\/p>\n\n\n\n<iframe src=\"https:\/\/www.google.com\/maps\/embed?pb=!1m18!1m12!1m3!1d2998.656498316144!2d-8.676977724472131!3d41.272814503094885!2m3!1f0!2f0!3f0!3m2!1i1024!2i768!4f13.1!3m3!1m2!1s0xd24699da1e9340b%3A0xc1574c379a298e9e!2sJSA%20Revestimentos!5e0!3m2!1spt-PT!2spt!4v1757677428655!5m2!1spt-PT!2spt\" width=\"1200\" height=\"500\" style=\"border:0;\" allowfullscreen=\"\" loading=\"lazy\" referrerpolicy=\"no-referrer-when-downgrade\"><\/iframe>\n\n\n\n<h2 class=\"wp-block-heading\"><\/h2>\n\n\n\n<h2 class=\"wp-block-heading\">\u3164\u3164<\/h2>\n","protected":false},"excerpt":{"rendered":"<p>Contactar Dados de Contacto \u00a0 Morada JSA Revestimentos Zinco e Cobre, Unipessoal Lda. Rua das Minas, N.\u00ba 55 4485-836 Vilar [&hellip;]<\/p>\n","protected":false},"author":1,"featured_media":0,"parent":0,"menu_order":0,"comment_status":"closed","ping_status":"closed","template":"","meta":{"_uag_custom_page_level_css":"","editor_plus_copied_stylings":"{}","site-sidebar-layout":"default","site-content-layout":"","ast-site-content-layout":"default","site-content-style":"default","site-sidebar-style":"default","ast-global-header-display":"","ast-banner-title-visibility":"","ast-main-header-display":"","ast-hfb-above-header-display":"","ast-hfb-below-header-display":"","ast-hfb-mobile-header-display":"","site-post-title":"disabled","ast-breadcrumbs-content":"","ast-featured-img":"","footer-sml-layout":"","ast-disable-related-posts":"","theme-transparent-header-meta":"","adv-header-id-meta":"","stick-header-meta":"","header-above-stick-meta":"","header-main-stick-meta":"","header-below-stick-meta":"","astra-migrate-meta-layouts":"default","ast-page-background-enabled":"default","ast-page-background-meta":{"desktop":{"background-color":"var(--ast-global-color-5)","background-image":"","background-repeat":"repeat","background-position":"center center","background-size":"auto","background-attachment":"scroll","background-type":"","background-media":"","overlay-type":"","overlay-color":"","overlay-opacity":"","overlay-gradient":""},"tablet":{"background-color":"","background-image":"","background-repeat":"repeat","background-position":"center center","background-size":"auto","background-attachment":"scroll","background-type":"","background-media":"","overlay-type":"","overlay-color":"","overlay-opacity":"","overlay-gradient":""},"mobile":{"background-color":"","background-image":"","background-repeat":"repeat","background-position":"center center","background-size":"auto","background-attachment":"scroll","background-type":"","background-media":"","overlay-type":"","overlay-color":"","overlay-opacity":"","overlay-gradient":""}},"ast-content-background-meta":{"desktop":{"background-color":"var(--ast-global-color-4)","background-image":"","background-repeat":"repeat","background-position":"center center","background-size":"auto","background-attachment":"scroll","background-type":"","background-media":"","overlay-type":"","overlay-color":"","overlay-opacity":"","overlay-gradient":""},"tablet":{"background-color":"var(--ast-global-color-4)","background-image":"","background-repeat":"repeat","background-position":"center center","background-size":"auto","background-attachment":"scroll","background-type":"","background-media":"","overlay-type":"","overlay-color":"","overlay-opacity":"","overlay-gradient":""},"mobile":{"background-color":"var(--ast-global-color-4)","background-image":"","background-repeat":"repeat","background-position":"center center","background-size":"auto","background-attachment":"scroll","background-type":"","background-media":"","overlay-type":"","overlay-color":"","overlay-opacity":"","overlay-gradient":""}},"footnotes":""},"class_list":["post-168","page","type-page","status-publish","hentry"],"uagb_featured_image_src":{"full":false,"thumbnail":false,"medium":false,"medium_large":false,"large":false,"1536x1536":false,"2048x2048":false},"uagb_author_info":{"display_name":"admin","author_link":"https:\/\/jsarevestimentos.pt\/index.php\/author\/offsystems\/"},"uagb_comment_info":0,"uagb_excerpt":"Contactar Dados de Contacto \u00a0 Morada JSA Revestimentos Zinco e Cobre, Unipessoal Lda. Rua das Minas, N.\u00ba 55 4485-836 Vilar [&hellip;]","_links":{"self":[{"href":"https:\/\/jsarevestimentos.pt\/index.php\/wp-json\/wp\/v2\/pages\/168","targetHints":{"allow":["GET"]}}],"collection":[{"href":"https:\/\/jsarevestimentos.pt\/index.php\/wp-json\/wp\/v2\/pages"}],"about":[{"href":"https:\/\/jsarevestimentos.pt\/index.php\/wp-json\/wp\/v2\/types\/page"}],"author":[{"embeddable":true,"href":"https:\/\/jsarevestimentos.pt\/index.php\/wp-json\/wp\/v2\/users\/1"}],"replies":[{"embeddable":true,"href":"https:\/\/jsarevestimentos.pt\/index.php\/wp-json\/wp\/v2\/comments?post=168"}],"version-history":[{"count":103,"href":"https:\/\/jsarevestimentos.pt\/index.php\/wp-json\/wp\/v2\/pages\/168\/revisions"}],"predecessor-version":[{"id":2641,"href":"https:\/\/jsarevestimentos.pt\/index.php\/wp-json\/wp\/v2\/pages\/168\/revisions\/2641"}],"wp:attachment":[{"href":"https:\/\/jsarevestimentos.pt\/index.php\/wp-json\/wp\/v2\/media?parent=168"}],"curies":[{"name":"wp","href":"https:\/\/api.w.org\/{rel}","templated":true}]}}