{"id":37,"date":"2025-09-09T15:16:36","date_gmt":"2025-09-09T15:16:36","guid":{"rendered":"https:\/\/jsarevestimentos.pt\/?page_id=37"},"modified":"2026-01-27T19:49:56","modified_gmt":"2026-01-27T19:49:56","slug":"home","status":"publish","type":"page","link":"https:\/\/jsarevestimentos.pt\/","title":{"rendered":"JSA Revestimentos"},"content":{"rendered":"\n<div class=\"wp-block-cover alignfull is-light eplus-wrapper wp-elements-b026f866fc6de748e1d1d59a030d280f\" style=\"border-style:none;border-width:0px;padding-right:0;padding-left:0;min-height:835px;aspect-ratio:unset;\"><video class=\"wp-block-cover__video-background intrinsic-ignore\" autoplay muted loop playsinline src=\"https:\/\/jsarevestimentos.pt\/wp-content\/uploads\/2025\/10\/JSA-Revestimentos-1.mp4\" data-object-fit=\"cover\"><\/video><span aria-hidden=\"true\" class=\"wp-block-cover__background has-ast-global-color-5-background-color has-background-dim-0 has-background-dim\"><\/span><div class=\"wp-block-cover__inner-container is-layout-constrained wp-container-core-cover-is-layout-affacae6 wp-block-cover-is-layout-constrained\">\n<p style=\"text-align: center;\"><span style=\"font-size: 36pt; color: #ffffff;\"><strong>JSA Revestimentos<\/strong><\/span><\/p>\n<\/div><\/div>\n\n\n\n<div style=\"height:34px\" aria-hidden=\"true\" class=\" wp-block-spacer eplus-wrapper\"><\/div>\n\n\n\n<div class=\"wp-block-group alignfull has-ast-global-color-5-background-color has-background eplus-wrapper is-layout-constrained wp-container-core-group-is-layout-57a49690 wp-block-group-is-layout-constrained\" style=\"padding-top:var(--wp--preset--spacing--80);padding-bottom:40px\"><div class=\"wp-block-columns are-vertically-aligned-top eplus-wrapper is-layout-flex wp-container-core-columns-is-layout-00723822 wp-block-columns-is-layout-flex eplus-styles-uid-6b505b\">\n<div class=\"wp-block-column is-vertically-aligned-top eplus-wrapper is-layout-flow wp-container-core-column-is-layout-6b73ce23 wp-block-column-is-layout-flow\">\n<h3 class=\" wp-block-heading has-text-align-left eplus-wrapper\" style=\"margin-top:16px\"><mark style=\"background-color:rgba(0, 0, 0, 0)\" class=\"has-inline-color has-ast-global-color-0-color\"><strong>Quem Somos<\/strong><\/mark><\/h3>\n\n\n\n<p style=\"text-align: justify;\" data-start=\"129\" data-end=\"313\">Especialistas em revestimentos de coberturas, fachadas e rufagens em zinco e cobre, oferecemos solu\u00e7\u00f5es completas em todo o pa\u00eds.<\/p>\n<\/div>\n\n\n\n<div class=\"wp-block-column is-vertically-aligned-top eplus-wrapper is-layout-flow wp-container-core-column-is-layout-6b73ce23 wp-block-column-is-layout-flow\">\n<h3 class=\" wp-block-heading has-text-align-left eplus-wrapper\" style=\"margin-top:16px\"><mark style=\"background-color:rgba(0, 0, 0, 0)\" class=\"has-inline-color has-ast-global-color-1-color\"><strong>Hist\u00f3ria<\/strong><\/mark><\/h3>\n\n\n\n<p class=\"has-text-align-left\" style=\"text-align: justify;\">Fundada em 2015 por Jos\u00e9 Alves, a JSA Revestimentos alia tradi\u00e7\u00e3o e inova\u00e7\u00e3o, consolidando a sua presen\u00e7a no mercado nacional.<\/p>\n<\/div>\n\n\n\n<div class=\"wp-block-column is-vertically-aligned-top eplus-wrapper is-layout-flow wp-container-core-column-is-layout-6b73ce23 wp-block-column-is-layout-flow\">\n<h3 class=\" wp-block-heading has-text-align-left eplus-wrapper\" style=\"margin-top:16px\"><mark style=\"background-color:rgba(0, 0, 0, 0)\" class=\"has-inline-color has-ast-global-color-1-color\"><strong>Miss\u00e3o<\/strong><\/mark><\/h3>\n\n\n\n<p class=\"has-text-align-left\" style=\"text-align: justify;\">Proporcionar solu\u00e7\u00f5es de revestimento que combinem funcionalidade e est\u00e9tica, sempre com foco na satisfa\u00e7\u00e3o dos clientes.<\/p>\n<\/div>\n\n\n\n<div class=\"wp-block-column is-vertically-aligned-top eplus-wrapper is-layout-flow wp-container-core-column-is-layout-6b73ce23 wp-block-column-is-layout-flow\">\n<h3 class=\" wp-block-heading has-text-align-left eplus-wrapper\" style=\"margin-top:16px\"><mark style=\"background-color:rgba(0, 0, 0, 0)\" class=\"has-inline-color has-ast-global-color-0-color\"><strong>Valores<\/strong><\/mark><\/h3>\n\n\n\n<p class=\"has-text-align-left\" style=\"text-align: justify;\">Qualidade, confian\u00e7a, rigor, dedica\u00e7\u00e3o e compromisso s\u00e3o os pilares onde assenta a nossa estrat\u00e9gia aplicada em cada projeto.<\/p>\n<\/div>\n<\/div><\/div>\n\n\n\n<div style=\"height:59px\" aria-hidden=\"true\" class=\" wp-block-spacer eplus-wrapper\"><\/div>\n\n\n<div class=\"wp-block-columns has-small-font-size eplus-wrapper is-layout-flex wp-container-core-columns-is-layout-2d5d627f wp-block-columns-is-layout-flex eplus-styles-uid-b6105e\" style=\"padding-top:var(--wp--preset--spacing--60);padding-right:0;padding-bottom:var(--wp--preset--spacing--60);padding-left:0\">\n<div class=\"wp-block-column eplus-wrapper is-layout-flow wp-block-column-is-layout-flow\">\n<h2 class=\" wp-block-heading eplus-wrapper\"><mark style=\"background-color:rgba(0, 0, 0, 0)\" class=\"has-inline-color has-ast-global-color-0-color\">Servi\u00e7os<\/mark><\/h2>\n<\/div>\n\n\n\n<div class=\"wp-block-column eplus-wrapper is-layout-constrained wp-block-column-is-layout-constrained\">\n<div class=\"wp-block-buttons eplus-wrapper is-content-justification-right is-layout-flex wp-container-core-buttons-is-layout-d445cf74 wp-block-buttons-is-layout-flex\"><div class=\"is-style-fill wp-block-button eplus-wrapper eplus-styles-uid-583f6c\"><a class=\"wp-block-button__link wp-element-button\" href=\"\/index.php\/servicos\/\">Ver mais<\/a><\/div><\/div>\n<\/div>\n<\/div>\n\n<div class=\"wp-block-columns alignwide eplus-wrapper is-layout-flex wp-container-core-columns-is-layout-4e85a0a9 wp-block-columns-is-layout-flex eplus-styles-uid-2f1a5d\" style=\"margin-top:var(--wp--preset--spacing--40);margin-bottom:var(--wp--preset--spacing--40);padding-top:0;padding-right:0;padding-bottom:0;padding-left:0\">\n<div class=\"wp-block-column eplus-wrapper is-layout-flow wp-block-column-is-layout-flow\">\n<figure class=\" wp-block-image size-full eplus-wrapper\"><a href=\"\/index.php\/revestimento\/\"><img loading=\"lazy\" decoding=\"async\" width=\"482\" height=\"482\" src=\"https:\/\/jsarevestimentos.pt\/wp-content\/uploads\/2025\/11\/cobertura-5.png\" alt=\"\" class=\"wp-image-1551\" style=\"aspect-ratio:4\/3;object-fit:cover\" srcset=\"https:\/\/jsarevestimentos.pt\/wp-content\/uploads\/2025\/11\/cobertura-5.png 482w, https:\/\/jsarevestimentos.pt\/wp-content\/uploads\/2025\/11\/cobertura-5-300x300.png 300w, https:\/\/jsarevestimentos.pt\/wp-content\/uploads\/2025\/11\/cobertura-5-150x150.png 150w\" sizes=\"auto, (max-width: 482px) 100vw, 482px\" \/><\/a><\/figure>\n<\/div>\n\n\n\n<div class=\"wp-block-column eplus-wrapper is-layout-flow wp-block-column-is-layout-flow\">\n<figure class=\" wp-block-image size-full eplus-wrapper\"><a href=\"\/index.php\/moradia-na-maia\/\"><img loading=\"lazy\" decoding=\"async\" width=\"482\" height=\"482\" src=\"https:\/\/jsarevestimentos.pt\/wp-content\/uploads\/2025\/11\/fachada-7.png\" alt=\"\" class=\"wp-image-1538\" style=\"aspect-ratio:4\/3;object-fit:cover\" srcset=\"https:\/\/jsarevestimentos.pt\/wp-content\/uploads\/2025\/11\/fachada-7.png 482w, https:\/\/jsarevestimentos.pt\/wp-content\/uploads\/2025\/11\/fachada-7-300x300.png 300w, https:\/\/jsarevestimentos.pt\/wp-content\/uploads\/2025\/11\/fachada-7-150x150.png 150w\" sizes=\"auto, (max-width: 482px) 100vw, 482px\" \/><\/a><\/figure>\n<\/div>\n\n\n\n<div class=\"wp-block-column eplus-wrapper is-layout-flow wp-block-column-is-layout-flow\">\n<figure class=\" wp-block-image size-full eplus-wrapper\"><a href=\"\/index.php\/mansardas\/\"><img loading=\"lazy\" decoding=\"async\" width=\"482\" height=\"482\" src=\"https:\/\/jsarevestimentos.pt\/wp-content\/uploads\/2025\/11\/mansarda-3.png\" alt=\"\" class=\"wp-image-1562\" style=\"aspect-ratio:4\/3;object-fit:cover\" srcset=\"https:\/\/jsarevestimentos.pt\/wp-content\/uploads\/2025\/11\/mansarda-3.png 482w, https:\/\/jsarevestimentos.pt\/wp-content\/uploads\/2025\/11\/mansarda-3-300x300.png 300w, https:\/\/jsarevestimentos.pt\/wp-content\/uploads\/2025\/11\/mansarda-3-150x150.png 150w\" sizes=\"auto, (max-width: 482px) 100vw, 482px\" \/><\/a><\/figure>\n<\/div>\n\n\n\n<div class=\"wp-block-column eplus-wrapper is-layout-flow wp-block-column-is-layout-flow\">\n<figure class=\"wp-block-gallery has-nested-images columns-default is-cropped eplus-wrapper wp-block-gallery-1\">\n<figure class=\" wp-block-image size-full eplus-wrapper\"><a href=\"\/index.php\/obra6\/\"><img loading=\"lazy\" decoding=\"async\" width=\"482\" height=\"482\" data-id=\"1647\" src=\"https:\/\/jsarevestimentos.pt\/wp-content\/uploads\/2025\/11\/Teto.png\" alt=\"\" class=\"wp-image-1647\" style=\"aspect-ratio:4\/3;object-fit:cover\" srcset=\"https:\/\/jsarevestimentos.pt\/wp-content\/uploads\/2025\/11\/Teto.png 482w, https:\/\/jsarevestimentos.pt\/wp-content\/uploads\/2025\/11\/Teto-300x300.png 300w, https:\/\/jsarevestimentos.pt\/wp-content\/uploads\/2025\/11\/Teto-150x150.png 150w\" sizes=\"auto, (max-width: 482px) 100vw, 482px\" \/><\/a><\/figure>\n<\/figure>\n<\/div>\n\n\n\n<div class=\"wp-block-column eplus-wrapper is-layout-flow wp-block-column-is-layout-flow\">\n<figure class=\" wp-block-image size-full eplus-wrapper\"><a href=\"\/index.php\/muretes\/\"><img loading=\"lazy\" decoding=\"async\" width=\"482\" height=\"482\" src=\"https:\/\/jsarevestimentos.pt\/wp-content\/uploads\/2025\/11\/pingadeira-3.png\" alt=\"\" class=\"wp-image-1563\" style=\"aspect-ratio:4\/3;object-fit:cover\" srcset=\"https:\/\/jsarevestimentos.pt\/wp-content\/uploads\/2025\/11\/pingadeira-3.png 482w, https:\/\/jsarevestimentos.pt\/wp-content\/uploads\/2025\/11\/pingadeira-3-300x300.png 300w, https:\/\/jsarevestimentos.pt\/wp-content\/uploads\/2025\/11\/pingadeira-3-150x150.png 150w\" sizes=\"auto, (max-width: 482px) 100vw, 482px\" \/><\/a><\/figure>\n<\/div>\n\n\n\n<div class=\"wp-block-column eplus-wrapper is-layout-flow wp-block-column-is-layout-flow\">\n<figure class=\" wp-block-image size-full eplus-wrapper\"><a href=\"\/index.php\/chamines\/\"><img loading=\"lazy\" decoding=\"async\" width=\"482\" height=\"482\" src=\"https:\/\/jsarevestimentos.pt\/wp-content\/uploads\/2025\/11\/chamine-3.png\" alt=\"\" class=\"wp-image-1561\" style=\"aspect-ratio:4\/3;object-fit:cover\" srcset=\"https:\/\/jsarevestimentos.pt\/wp-content\/uploads\/2025\/11\/chamine-3.png 482w, https:\/\/jsarevestimentos.pt\/wp-content\/uploads\/2025\/11\/chamine-3-300x300.png 300w, https:\/\/jsarevestimentos.pt\/wp-content\/uploads\/2025\/11\/chamine-3-150x150.png 150w\" sizes=\"auto, (max-width: 482px) 100vw, 482px\" \/><\/a><\/figure>\n<\/div>\n<\/div>\n\n<div class=\"wp-block-columns alignwide eplus-wrapper is-layout-flex wp-container-core-columns-is-layout-71c35725 wp-block-columns-is-layout-flex eplus-styles-uid-6ecd36\" style=\"border-style:none;border-width:0px;padding-top:0;padding-right:0;padding-bottom:0;padding-left:0\">\n<div class=\"wp-block-column eplus-wrapper is-layout-flow wp-block-column-is-layout-flow\">\n<p class=\" has-text-align-center eplus-wrapper\"><strong>Coberturas<\/strong><\/p>\n<\/div>\n\n\n\n<div class=\"wp-block-column eplus-wrapper is-layout-flow wp-block-column-is-layout-flow\">\n<p class=\" has-text-align-center eplus-wrapper\"><strong>Fachadas<\/strong><\/p>\n<\/div>\n\n\n\n<div class=\"wp-block-column eplus-wrapper is-layout-flow wp-block-column-is-layout-flow\">\n<p class=\" has-text-align-center eplus-wrapper\"><strong>Mansardas<\/strong><\/p>\n<\/div>\n\n\n\n<div class=\"wp-block-column eplus-wrapper is-layout-flow wp-block-column-is-layout-flow\">\n<p class=\" has-text-align-center eplus-wrapper\"><strong>Tetos<\/strong><\/p>\n<\/div>\n\n\n\n<div class=\"wp-block-column eplus-wrapper is-layout-flow wp-block-column-is-layout-flow\">\n<p class=\" has-text-align-center eplus-wrapper\"><strong>Muretes<\/strong><\/p>\n<\/div>\n\n\n\n<div class=\"wp-block-column eplus-wrapper is-layout-flow wp-block-column-is-layout-flow\">\n<p class=\" has-text-align-center eplus-wrapper\"><strong>Chamin\u00e9s<\/strong><\/p>\n<\/div>\n<\/div>\n\n\n<div style=\"height:79px\" aria-hidden=\"true\" class=\" wp-block-spacer eplus-wrapper\"><\/div>\n\n\n\n<div class=\"wp-block-group alignfull eplus-wrapper is-layout-constrained wp-block-group-is-layout-constrained\"><div class=\"wp-block-columns has-small-font-size eplus-wrapper is-layout-flex wp-container-core-columns-is-layout-2d7698b3 wp-block-columns-is-layout-flex eplus-styles-uid-4b6b8f\" style=\"padding-right:0;padding-left:0\">\n<div class=\"wp-block-column eplus-wrapper is-layout-flow wp-block-column-is-layout-flow\">\n<h2 class=\" wp-block-heading eplus-wrapper\"><mark style=\"background-color:rgba(0, 0, 0, 0)\" class=\"has-inline-color has-ast-global-color-0-color\">Portf\u00f3lio<\/mark><\/h2>\n<\/div>\n\n\n\n<div class=\"wp-block-column eplus-wrapper is-layout-constrained wp-block-column-is-layout-constrained\">\n<div class=\"wp-block-buttons eplus-wrapper is-content-justification-right is-layout-flex wp-container-core-buttons-is-layout-d445cf74 wp-block-buttons-is-layout-flex\"><div class=\"is-style-fill wp-block-button eplus-wrapper eplus-styles-uid-926df4\"><a class=\"wp-block-button__link wp-element-button\" href=\"\/index.php\/portfolio\/\">Ver mais<\/a><\/div><\/div>\n<\/div>\n<\/div>\n\n\n<div class=\"image-effect wp-block-group alignfull has-ast-global-color-5-background-color has-background eplus-wrapper is-layout-constrained wp-block-group-is-layout-constrained\"><div class=\"wp-block-columns eplus-wrapper is-layout-flex wp-container-core-columns-is-layout-28f84493 wp-block-columns-is-layout-flex eplus-styles-uid-b34270\">\n<div class=\"wp-block-column eplus-wrapper is-layout-flow wp-block-column-is-layout-flow\">\n<div class=\" wp-block-cover is-light eplus-wrapper\" style=\"border-style:none;border-width:0px;min-height:398px;aspect-ratio:unset;\"><img loading=\"lazy\" decoding=\"async\" width=\"922\" height=\"922\" class=\"wp-block-cover__image-background wp-image-1191 size-full\" alt=\"\" src=\"https:\/\/jsarevestimentos.pt\/wp-content\/uploads\/2025\/11\/camara-municipal-trofa.jpg\" data-object-fit=\"cover\" srcset=\"https:\/\/jsarevestimentos.pt\/wp-content\/uploads\/2025\/11\/camara-municipal-trofa.jpg 922w, https:\/\/jsarevestimentos.pt\/wp-content\/uploads\/2025\/11\/camara-municipal-trofa-300x300.jpg 300w, https:\/\/jsarevestimentos.pt\/wp-content\/uploads\/2025\/11\/camara-municipal-trofa-150x150.jpg 150w, https:\/\/jsarevestimentos.pt\/wp-content\/uploads\/2025\/11\/camara-municipal-trofa-768x768.jpg 768w\" sizes=\"auto, (max-width: 922px) 100vw, 922px\" \/><span aria-hidden=\"true\" class=\"wp-block-cover__background has-background-dim-0 has-background-dim\" style=\"background-color:#83909d\"><\/span><div class=\"wp-block-cover__inner-container is-layout-constrained wp-block-cover-is-layout-constrained\">\n<div class=\"wp-block-group eplus-wrapper is-layout-constrained wp-container-core-group-is-layout-de506f1b wp-block-group-is-layout-constrained\" style=\"border-width:2px;border-radius:0px;min-height:0px;margin-top:0;margin-bottom:0;padding-top:var(--wp--preset--spacing--70);padding-right:var(--wp--preset--spacing--50);padding-bottom:var(--wp--preset--spacing--70);padding-left:var(--wp--preset--spacing--50)\">\n<div class=\"wp-block-group eplus-wrapper is-layout-constrained wp-block-group-is-layout-constrained\">\n<div class=\"wp-block-group has-ast-global-color-4-color has-text-color has-link-color eplus-wrapper wp-elements-3acb132ff5e2e0f2ac454272ce781bc3\">\n<h2 class=\" wp-block-heading eplus-wrapper\" style=\"text-align: center;\">C\u00e2mara Municipal<\/h2>\n\n\n\n<p class=\" has-text-align-center eplus-wrapper\"><span style=\"font-size: 18pt;\"><mark class=\"has-inline-color has-ast-global-color-2-color\" style=\"background-color: rgba(0, 0, 0, 0);\">Trofa, Portugal<\/mark><\/span><\/p>\n<\/div>\n<\/div>\n\n\n\n<div class=\"wp-block-buttons eplus-wrapper is-content-justification-center is-layout-flex wp-container-core-buttons-is-layout-a89b3969 wp-block-buttons-is-layout-flex\"><div class=\" wp-block-button eplus-wrapper eplus-styles-uid-66d544\"><a class=\"wp-block-button__link wp-element-button\" href=\"\/index.php\/camara\/\">Explorar projeto<\/a><\/div><\/div>\n<\/div>\n<\/div><\/div>\n<\/div>\n\n\n\n<div class=\"wp-block-column eplus-wrapper is-layout-flow wp-block-column-is-layout-flow\">\n<div class=\" wp-block-cover is-light eplus-wrapper\" style=\"border-style:none;border-width:0px;min-height:398px;aspect-ratio:unset;\"><img loading=\"lazy\" decoding=\"async\" width=\"1152\" height=\"1440\" class=\"wp-block-cover__image-background wp-image-1014 size-full\" alt=\"\" src=\"https:\/\/jsarevestimentos.pt\/wp-content\/uploads\/2025\/10\/bungalow-guimaraes-1.jpg\" data-object-fit=\"cover\" srcset=\"https:\/\/jsarevestimentos.pt\/wp-content\/uploads\/2025\/10\/bungalow-guimaraes-1.jpg 1152w, https:\/\/jsarevestimentos.pt\/wp-content\/uploads\/2025\/10\/bungalow-guimaraes-1-240x300.jpg 240w, https:\/\/jsarevestimentos.pt\/wp-content\/uploads\/2025\/10\/bungalow-guimaraes-1-819x1024.jpg 819w, https:\/\/jsarevestimentos.pt\/wp-content\/uploads\/2025\/10\/bungalow-guimaraes-1-768x960.jpg 768w\" sizes=\"auto, (max-width: 1152px) 100vw, 1152px\" \/><span aria-hidden=\"true\" class=\"wp-block-cover__background has-background-dim-0 has-background-dim\" style=\"background-color:#93948f\"><\/span><div class=\"wp-block-cover__inner-container is-layout-constrained wp-block-cover-is-layout-constrained\">\n<div class=\"wp-block-group eplus-wrapper is-layout-constrained wp-container-core-group-is-layout-de506f1b wp-block-group-is-layout-constrained\" style=\"border-width:2px;border-radius:0px;min-height:0px;margin-top:0;margin-bottom:0;padding-top:var(--wp--preset--spacing--70);padding-right:var(--wp--preset--spacing--50);padding-bottom:var(--wp--preset--spacing--70);padding-left:var(--wp--preset--spacing--50)\">\n<div class=\"wp-block-group eplus-wrapper is-layout-constrained wp-block-group-is-layout-constrained\">\n<div class=\"wp-block-group has-ast-global-color-4-color has-text-color has-link-color eplus-wrapper wp-elements-541c6fa08aaccd26597f863275e4783d\">\n<h2 class=\" wp-block-heading eplus-wrapper\" style=\"text-align: center;\">Bungalow<\/h2>\n\n\n\n<div style=\"height:27px\" aria-hidden=\"true\" class=\" wp-block-spacer eplus-wrapper\"><\/div>\n\n\n\n<p class=\" has-text-align-center eplus-wrapper\"><span style=\"font-size: 18pt;\"><mark class=\"has-inline-color has-ast-global-color-2-color\" style=\"background-color: rgba(0, 0, 0, 0);\">Guimar\u00e3es, Portugal<\/mark><\/span><\/p>\n<\/div>\n<\/div>\n\n\n\n<div class=\"wp-block-buttons eplus-wrapper is-content-justification-center is-layout-flex wp-container-core-buttons-is-layout-a89b3969 wp-block-buttons-is-layout-flex\"><div class=\" wp-block-button eplus-wrapper eplus-styles-uid-980921\"><a class=\"wp-block-button__link wp-element-button\" href=\"\/index.php\/bungalow\/\">Explorar projeto<\/a><\/div><\/div>\n<\/div>\n<\/div><\/div>\n<\/div>\n\n\n\n<div class=\"wp-block-column eplus-wrapper is-layout-flow wp-block-column-is-layout-flow\">\n<div class=\" wp-block-cover is-light eplus-wrapper\" style=\"border-style:none;border-width:0px;min-height:398px;aspect-ratio:unset;\"><img loading=\"lazy\" decoding=\"async\" width=\"819\" height=\"1024\" class=\"wp-block-cover__image-background wp-image-1013 size-large\" alt=\"\" src=\"https:\/\/jsarevestimentos.pt\/wp-content\/uploads\/2025\/10\/mirante-parque-da-cidade-1-819x1024.jpg\" data-object-fit=\"cover\" srcset=\"https:\/\/jsarevestimentos.pt\/wp-content\/uploads\/2025\/10\/mirante-parque-da-cidade-1-819x1024.jpg 819w, https:\/\/jsarevestimentos.pt\/wp-content\/uploads\/2025\/10\/mirante-parque-da-cidade-1-240x300.jpg 240w, https:\/\/jsarevestimentos.pt\/wp-content\/uploads\/2025\/10\/mirante-parque-da-cidade-1-768x960.jpg 768w, https:\/\/jsarevestimentos.pt\/wp-content\/uploads\/2025\/10\/mirante-parque-da-cidade-1.jpg 1092w\" sizes=\"auto, (max-width: 819px) 100vw, 819px\" \/><span aria-hidden=\"true\" class=\"wp-block-cover__background has-background-dim-0 has-background-dim\" style=\"background-color:#a49ba1\"><\/span><div class=\"wp-block-cover__inner-container is-layout-constrained wp-block-cover-is-layout-constrained\">\n<div class=\"wp-block-group eplus-wrapper is-layout-constrained wp-container-core-group-is-layout-de506f1b wp-block-group-is-layout-constrained\" style=\"border-width:2px;border-radius:0px;min-height:0px;margin-top:0;margin-bottom:0;padding-top:var(--wp--preset--spacing--70);padding-right:var(--wp--preset--spacing--50);padding-bottom:var(--wp--preset--spacing--70);padding-left:var(--wp--preset--spacing--50)\">\n<div class=\"wp-block-group eplus-wrapper is-layout-constrained wp-block-group-is-layout-constrained\">\n<div class=\"wp-block-group has-ast-global-color-4-color has-text-color has-link-color eplus-wrapper wp-elements-95c47726934dba86e8397c38357e9648\">\n<h2 class=\" wp-block-heading eplus-wrapper\" style=\"text-align: center;\">Mirante Parque da Cidade<\/h2>\n\n\n\n<p class=\" has-text-align-center eplus-wrapper\"><span style=\"font-size: 18pt;\"><mark class=\"has-inline-color has-ast-global-color-2-color\" style=\"background-color: rgba(0, 0, 0, 0);\">Porto, Portugal<\/mark><\/span><\/p>\n<\/div>\n<\/div>\n\n\n\n<div class=\"wp-block-buttons eplus-wrapper is-content-justification-center is-layout-flex wp-container-core-buttons-is-layout-a89b3969 wp-block-buttons-is-layout-flex\"><div class=\" wp-block-button eplus-wrapper eplus-styles-uid-293dd8\"><a class=\"wp-block-button__link wp-element-button\" href=\"\/index.php\/mirante\/\">Explorar projeto<\/a><\/div><\/div>\n<\/div>\n<\/div><\/div>\n<\/div>\n<\/div><\/div>\n<\/div>\n\n\n\n<div style=\"height:60px\" aria-hidden=\"true\" class=\" wp-block-spacer eplus-wrapper\"><\/div>\n\n\n\n<iframe src=\"https:\/\/www.google.com\/maps\/embed?pb=!1m18!1m12!1m3!1d2998.656498316144!2d-8.676977724472131!3d41.272814503094885!2m3!1f0!2f0!3f0!3m2!1i1024!2i768!4f13.1!3m3!1m2!1s0xd24699da1e9340b%3A0xc1574c379a298e9e!2sJSA%20Revestimentos!5e0!3m2!1spt-PT!2spt!4v1757677428655!5m2!1spt-PT!2spt\" width=\"1200\" height=\"700\" style=\"border:0;\" allowfullscreen=\"\" loading=\"lazy\" referrerpolicy=\"no-referrer-when-downgrade\"><\/iframe>\n\n\n\n<div style=\"height:98px\" aria-hidden=\"true\" class=\" wp-block-spacer eplus-wrapper\"><\/div>\n","protected":false},"excerpt":{"rendered":"<p>Quem Somos Especialistas em revestimentos de coberturas, fachadas e rufagens em zinco e cobre, oferecemos solu\u00e7\u00f5es completas em todo o [&hellip;]<\/p>\n","protected":false},"author":1,"featured_media":0,"parent":0,"menu_order":0,"comment_status":"closed","ping_status":"closed","template":"","meta":{"_uag_custom_page_level_css":"","editor_plus_copied_stylings":"{}","site-sidebar-layout":"no-sidebar","site-content-layout":"plain-container","ast-site-content-layout":"default","site-content-style":"default","site-sidebar-style":"default","ast-global-header-display":"","ast-banner-title-visibility":"","ast-main-header-display":"","ast-hfb-above-header-display":"","ast-hfb-below-header-display":"","ast-hfb-mobile-header-display":"","site-post-title":"disabled","ast-breadcrumbs-content":"","ast-featured-img":"","footer-sml-layout":"","ast-disable-related-posts":"","theme-transparent-header-meta":"enabled","adv-header-id-meta":"","stick-header-meta":"","header-above-stick-meta":"","header-main-stick-meta":"","header-below-stick-meta":"","astra-migrate-meta-layouts":"default","ast-page-background-enabled":"default","ast-page-background-meta":{"desktop":{"background-color":"var(--ast-global-color-5)","background-image":"","background-repeat":"repeat","background-position":"center center","background-size":"auto","background-attachment":"scroll","background-type":"","background-media":"","overlay-type":"","overlay-color":"","overlay-opacity":"","overlay-gradient":""},"tablet":{"background-color":"","background-image":"","background-repeat":"repeat","background-position":"center center","background-size":"auto","background-attachment":"scroll","background-type":"","background-media":"","overlay-type":"","overlay-color":"","overlay-opacity":"","overlay-gradient":""},"mobile":{"background-color":"","background-image":"","background-repeat":"repeat","background-position":"center center","background-size":"auto","background-attachment":"scroll","background-type":"","background-media":"","overlay-type":"","overlay-color":"","overlay-opacity":"","overlay-gradient":""}},"ast-content-background-meta":{"desktop":{"background-color":"var(--ast-global-color-4)","background-image":"","background-repeat":"repeat","background-position":"center center","background-size":"auto","background-attachment":"scroll","background-type":"","background-media":"","overlay-type":"","overlay-color":"","overlay-opacity":"","overlay-gradient":""},"tablet":{"background-color":"var(--ast-global-color-4)","background-image":"","background-repeat":"repeat","background-position":"center center","background-size":"auto","background-attachment":"scroll","background-type":"","background-media":"","overlay-type":"","overlay-color":"","overlay-opacity":"","overlay-gradient":""},"mobile":{"background-color":"var(--ast-global-color-4)","background-image":"","background-repeat":"repeat","background-position":"center center","background-size":"auto","background-attachment":"scroll","background-type":"","background-media":"","overlay-type":"","overlay-color":"","overlay-opacity":"","overlay-gradient":""}},"footnotes":""},"class_list":["post-37","page","type-page","status-publish","hentry"],"uagb_featured_image_src":{"full":false,"thumbnail":false,"medium":false,"medium_large":false,"large":false,"1536x1536":false,"2048x2048":false},"uagb_author_info":{"display_name":"admin","author_link":"https:\/\/jsarevestimentos.pt\/index.php\/author\/offsystems\/"},"uagb_comment_info":0,"uagb_excerpt":"Quem Somos Especialistas em revestimentos de coberturas, fachadas e rufagens em zinco e cobre, oferecemos solu\u00e7\u00f5es completas em todo o [&hellip;]","_links":{"self":[{"href":"https:\/\/jsarevestimentos.pt\/index.php\/wp-json\/wp\/v2\/pages\/37","targetHints":{"allow":["GET"]}}],"collection":[{"href":"https:\/\/jsarevestimentos.pt\/index.php\/wp-json\/wp\/v2\/pages"}],"about":[{"href":"https:\/\/jsarevestimentos.pt\/index.php\/wp-json\/wp\/v2\/types\/page"}],"author":[{"embeddable":true,"href":"https:\/\/jsarevestimentos.pt\/index.php\/wp-json\/wp\/v2\/users\/1"}],"replies":[{"embeddable":true,"href":"https:\/\/jsarevestimentos.pt\/index.php\/wp-json\/wp\/v2\/comments?post=37"}],"version-history":[{"count":315,"href":"https:\/\/jsarevestimentos.pt\/index.php\/wp-json\/wp\/v2\/pages\/37\/revisions"}],"predecessor-version":[{"id":2627,"href":"https:\/\/jsarevestimentos.pt\/index.php\/wp-json\/wp\/v2\/pages\/37\/revisions\/2627"}],"wp:attachment":[{"href":"https:\/\/jsarevestimentos.pt\/index.php\/wp-json\/wp\/v2\/media?parent=37"}],"curies":[{"name":"wp","href":"https:\/\/api.w.org\/{rel}","templated":true}]}}